{"id":10543,"date":"2026-01-13T09:48:07","date_gmt":"2026-01-13T08:48:07","guid":{"rendered":"https:\/\/www.oapasturias.es\/?page_id=10543"},"modified":"2026-01-13T10:24:42","modified_gmt":"2026-01-13T09:24:42","slug":"noticias","status":"publish","type":"page","link":"https:\/\/www.oapasturias.es\/en\/noticias\/","title":{"rendered":"Noticias"},"content":{"rendered":"<div data-elementor-type=\"wp-page\" data-elementor-id=\"10543\" class=\"elementor elementor-10543\" data-elementor-post-type=\"page\">\n\t\t\t\t<div data-dce-background-image-url=\"https:\/\/www.oapasturias.es\/wp-content\/uploads\/2023\/09\/jewel-1-2.jpg\" class=\"elementor-element elementor-element-a323256 e-con-full e-flex e-con e-parent\" data-id=\"a323256\" data-element_type=\"container\" data-settings=\"{&quot;background_background&quot;:&quot;classic&quot;}\">\n\t\t\t\t<div class=\"elementor-element elementor-element-599cf54 elementor-widget elementor-widget-heading\" data-id=\"599cf54\" data-element_type=\"widget\" data-widget_type=\"heading.default\">\n\t\t\t\t<div class=\"elementor-widget-container\">\n\t\t\t\t\t<h2 class=\"elementor-heading-title elementor-size-default\">Noticias Oficina Acelera Pyme COIIAS<\/h2>\t\t\t\t<\/div>\n\t\t\t\t<\/div>\n\t\t\t\t<\/div>\n\t\t<div class=\"elementor-element elementor-element-1e563c8 e-flex e-con-boxed e-con e-parent\" data-id=\"1e563c8\" data-element_type=\"container\">\n\t\t\t\t\t<div class=\"e-con-inner\">\n\t\t\t\t<div class=\"elementor-element elementor-element-694d12d dce-posts-layout-overlay dce-col-3 dce-col-tablet-3 dce-col-mobile-1 dce-align-left elementor-widget elementor-widget-dce-dynamicposts-v2\" data-id=\"694d12d\" data-element_type=\"widget\" data-settings=\"{&quot;style_items&quot;:&quot;overlay&quot;,&quot;grid_grid_type&quot;:&quot;flex&quot;}\" data-widget_type=\"dce-dynamicposts-v2.grid\">\n\t\t\t\t<div class=\"elementor-widget-container\">\n\t\t\t\t\t\n\t\t<div class=\"dce-posts-container dce-posts dce-dynamic-posts-collection dce-fix-background-loop  dce-skin-grid dce-skin-grid-flex\">\n\t\t\t\t\t\t<div class=\"dce-posts-wrapper dce-wrapper-grid\">\n\t\t\t\n\t\t<article class=\"post-10548 post type-post status-publish format-standard has-post-thumbnail hentry category-noticia dce-post dce-post-item dce-item-grid\" data-dce-post-id=\"10548\" data-dce-post-index=\"0\">\n\t\t\t<div class=\"dce-post-block\">\n\t\t<div class=\"dce-image-area dce-item-area\"><div class=\"dce-item dce-item_image elementor-repeater-item-b7f9503\"><a class=\"dce-post-image\" href=\"https:\/\/www.oapasturias.es\/en\/noticia-i-tech-camp\/\"><figure  class=\"dce-img\"><img fetchpriority=\"high\" decoding=\"async\" width=\"800\" height=\"450\" src=\"https:\/\/www.oapasturias.es\/wp-content\/uploads\/2025\/12\/img_5083-1-1024x576.jpg\" class=\"\" alt=\"\u00bfC\u00f3mo adoptan los mercados tradicionales la digitalizaci\u00f3n?\" srcset=\"https:\/\/www.oapasturias.es\/wp-content\/uploads\/2025\/12\/img_5083-1-1024x576.jpg 1024w, https:\/\/www.oapasturias.es\/wp-content\/uploads\/2025\/12\/img_5083-1-300x169.jpg 300w, https:\/\/www.oapasturias.es\/wp-content\/uploads\/2025\/12\/img_5083-1-768x432.jpg 768w, https:\/\/www.oapasturias.es\/wp-content\/uploads\/2025\/12\/img_5083-1-1536x864.jpg 1536w, https:\/\/www.oapasturias.es\/wp-content\/uploads\/2025\/12\/img_5083-1-2048x1152.jpg 2048w, https:\/\/www.oapasturias.es\/wp-content\/uploads\/2025\/12\/img_5083-1-18x10.jpg 18w\" sizes=\"(max-width: 800px) 100vw, 800px\" \/><\/figure><\/a><\/div><\/div><div class=\"dce-content-area dce-item-area\"><div class=\"dce-item dce-item_title elementor-repeater-item-c7a74f4\"><h3 class=\"dce-post-title\"><a href=\"https:\/\/www.oapasturias.es\/en\/noticia-i-tech-camp\/\">\u00bfC\u00f3mo adoptan los mercados tradicionales la digitalizaci\u00f3n?<\/a><\/h3><\/div><div class=\"dce-item dce-item_custommeta elementor-repeater-item-d44f976\"><div class=\"dce-post-custommeta\"><div class=\"dce-meta-item dce-meta-d44f976 dce-meta-date elementor-repeater-item-d44f976\">23\/02\/2024<\/div><\/div><\/div><div class=\"dce-item dce-item_custommeta elementor-repeater-item-cf7ea68\"><div class=\"dce-post-custommeta\"><div class=\"dce-meta-item dce-meta-d44f976 dce-meta-date elementor-repeater-item-d44f976 dce-meta-item dce-meta-cf7ea68 dce-meta-button elementor-repeater-item-cf7ea68\"><a href=\"https:\/\/www.oapasturias.es\/en\/noticia-i-tech-camp\/\" role=\"button\" class=\"elementor-size-sm elementor-button-link elementor-button dce-button dce-link\">LEER M\u00c1S<\/a><\/div><\/div><\/div><\/div>\t\t\t<\/div>\n\t\t<\/article>\n\t\t\t\t\t<\/div>\n\t\t\t\t\t<\/div>\n\t\t\t\t\t\t<\/div>\n\t\t\t\t<\/div>\n\t\t\t\t\t<\/div>\n\t\t\t\t<\/div>\n\t\t\t\t<\/div>","protected":false},"excerpt":{"rendered":"<p>Noticias Oficina Acelera Pyme COIIAS \u00bfC\u00f3mo adoptan los mercados tradicionales la digitalizaci\u00f3n? 23\/02\/2024LEER M\u00c1S<\/p>","protected":false},"author":7,"featured_media":1072,"parent":0,"menu_order":7,"comment_status":"closed","ping_status":"closed","template":"","meta":{"_acf_changed":false,"footnotes":""},"class_list":["post-10543","page","type-page","status-publish","has-post-thumbnail","hentry"],"acf":[],"yoast_head":"<!-- This site is optimized with the Yoast SEO plugin v24.4 - https:\/\/yoast.com\/wordpress\/plugins\/seo\/ -->\n<title>Noticias | OAP Asturias<\/title>\n<meta name=\"description\" content=\"La red de Oficinas Acelera pyme pone a tu disposici\u00f3n puntos de atenci\u00f3n personalizada y asesoramiento para la transformaci\u00f3n digital de las pymes.\" \/>\n<meta name=\"robots\" content=\"index, follow, max-snippet:-1, max-image-preview:large, max-video-preview:-1\" \/>\n<link rel=\"canonical\" href=\"https:\/\/www.oapasturias.es\/en\/noticias\/\" \/>\n<meta property=\"og:locale\" content=\"en_US\" \/>\n<meta property=\"og:type\" content=\"article\" \/>\n<meta property=\"og:title\" content=\"Noticias | OAP Asturias\" \/>\n<meta property=\"og:description\" content=\"La red de Oficinas Acelera pyme pone a tu disposici\u00f3n puntos de atenci\u00f3n personalizada y asesoramiento para la transformaci\u00f3n digital de las pymes.\" \/>\n<meta property=\"og:url\" content=\"https:\/\/www.oapasturias.es\/en\/noticias\/\" \/>\n<meta property=\"og:site_name\" content=\"OAP Asturias\" \/>\n<meta property=\"article:modified_time\" content=\"2026-01-13T09:24:42+00:00\" \/>\n<meta property=\"og:image\" content=\"https:\/\/www.oapasturias.es\/wp-content\/uploads\/2023\/08\/sin-imagen-destacada-1024x658.png\" \/>\n\t<meta property=\"og:image:width\" content=\"1024\" \/>\n\t<meta property=\"og:image:height\" content=\"658\" \/>\n\t<meta property=\"og:image:type\" content=\"image\/png\" \/>\n<meta name=\"twitter:card\" content=\"summary_large_image\" \/>\n<script type=\"application\/ld+json\" class=\"yoast-schema-graph\">{\"@context\":\"https:\/\/schema.org\",\"@graph\":[{\"@type\":\"WebPage\",\"@id\":\"https:\/\/www.oapasturias.es\/noticias\/\",\"url\":\"https:\/\/www.oapasturias.es\/noticias\/\",\"name\":\"Noticias | OAP Asturias\",\"isPartOf\":{\"@id\":\"https:\/\/www.oapasturias.es\/#website\"},\"primaryImageOfPage\":{\"@id\":\"https:\/\/www.oapasturias.es\/noticias\/#primaryimage\"},\"image\":{\"@id\":\"https:\/\/www.oapasturias.es\/noticias\/#primaryimage\"},\"thumbnailUrl\":\"https:\/\/www.oapasturias.es\/wp-content\/uploads\/2023\/08\/sin-imagen-destacada.png\",\"datePublished\":\"2026-01-13T08:48:07+00:00\",\"dateModified\":\"2026-01-13T09:24:42+00:00\",\"description\":\"La red de Oficinas Acelera pyme pone a tu disposici\u00f3n puntos de atenci\u00f3n personalizada y asesoramiento para la transformaci\u00f3n digital de las pymes.\",\"breadcrumb\":{\"@id\":\"https:\/\/www.oapasturias.es\/noticias\/#breadcrumb\"},\"inLanguage\":\"en-US\",\"potentialAction\":[{\"@type\":\"ReadAction\",\"target\":[\"https:\/\/www.oapasturias.es\/noticias\/\"]}]},{\"@type\":\"ImageObject\",\"inLanguage\":\"en-US\",\"@id\":\"https:\/\/www.oapasturias.es\/noticias\/#primaryimage\",\"url\":\"https:\/\/www.oapasturias.es\/wp-content\/uploads\/2023\/08\/sin-imagen-destacada.png\",\"contentUrl\":\"https:\/\/www.oapasturias.es\/wp-content\/uploads\/2023\/08\/sin-imagen-destacada.png\",\"width\":1920,\"height\":1235,\"caption\":\"Sin imagen destacada\"},{\"@type\":\"BreadcrumbList\",\"@id\":\"https:\/\/www.oapasturias.es\/noticias\/#breadcrumb\",\"itemListElement\":[{\"@type\":\"ListItem\",\"position\":1,\"name\":\"Inicio\",\"item\":\"https:\/\/www.oapasturias.es\/\"},{\"@type\":\"ListItem\",\"position\":2,\"name\":\"Noticias\"}]},{\"@type\":\"WebSite\",\"@id\":\"https:\/\/www.oapasturias.es\/#website\",\"url\":\"https:\/\/www.oapasturias.es\/\",\"name\":\"OAP Asturias\",\"description\":\"Oficina Acelera Pyme COIIAS\",\"publisher\":{\"@id\":\"https:\/\/www.oapasturias.es\/#organization\"},\"alternateName\":\"Oficina Acelera Pyme Asturias\",\"potentialAction\":[{\"@type\":\"SearchAction\",\"target\":{\"@type\":\"EntryPoint\",\"urlTemplate\":\"https:\/\/www.oapasturias.es\/?s={search_term_string}\"},\"query-input\":{\"@type\":\"PropertyValueSpecification\",\"valueRequired\":true,\"valueName\":\"search_term_string\"}}],\"inLanguage\":\"en-US\"},{\"@type\":\"Organization\",\"@id\":\"https:\/\/www.oapasturias.es\/#organization\",\"name\":\"Oficina Acelera Pyme Asturias\",\"url\":\"https:\/\/www.oapasturias.es\/\",\"logo\":{\"@type\":\"ImageObject\",\"inLanguage\":\"en-US\",\"@id\":\"https:\/\/www.oapasturias.es\/#\/schema\/logo\/image\/\",\"url\":\"https:\/\/www.oapasturias.es\/wp-content\/uploads\/2023\/09\/captura-de-pantalla-2023-09-24-a-las-14.17.41.png\",\"contentUrl\":\"https:\/\/www.oapasturias.es\/wp-content\/uploads\/2023\/09\/captura-de-pantalla-2023-09-24-a-las-14.17.41.png\",\"width\":440,\"height\":364,\"caption\":\"Oficina Acelera Pyme Asturias\"},\"image\":{\"@id\":\"https:\/\/www.oapasturias.es\/#\/schema\/logo\/image\/\"}}]}<\/script>\n<!-- \/ Yoast SEO plugin. -->","yoast_head_json":{"title":"Noticias | OAP Asturias","description":"La red de Oficinas Acelera pyme pone a tu disposici\u00f3n puntos de atenci\u00f3n personalizada y asesoramiento para la transformaci\u00f3n digital de las pymes.","robots":{"index":"index","follow":"follow","max-snippet":"max-snippet:-1","max-image-preview":"max-image-preview:large","max-video-preview":"max-video-preview:-1"},"canonical":"https:\/\/www.oapasturias.es\/en\/noticias\/","og_locale":"en_US","og_type":"article","og_title":"Noticias | OAP Asturias","og_description":"La red de Oficinas Acelera pyme pone a tu disposici\u00f3n puntos de atenci\u00f3n personalizada y asesoramiento para la transformaci\u00f3n digital de las pymes.","og_url":"https:\/\/www.oapasturias.es\/en\/noticias\/","og_site_name":"OAP Asturias","article_modified_time":"2026-01-13T09:24:42+00:00","og_image":[{"width":1024,"height":658,"url":"https:\/\/www.oapasturias.es\/wp-content\/uploads\/2023\/08\/sin-imagen-destacada-1024x658.png","type":"image\/png"}],"twitter_card":"summary_large_image","schema":{"@context":"https:\/\/schema.org","@graph":[{"@type":"WebPage","@id":"https:\/\/www.oapasturias.es\/noticias\/","url":"https:\/\/www.oapasturias.es\/noticias\/","name":"Noticias | OAP Asturias","isPartOf":{"@id":"https:\/\/www.oapasturias.es\/#website"},"primaryImageOfPage":{"@id":"https:\/\/www.oapasturias.es\/noticias\/#primaryimage"},"image":{"@id":"https:\/\/www.oapasturias.es\/noticias\/#primaryimage"},"thumbnailUrl":"https:\/\/www.oapasturias.es\/wp-content\/uploads\/2023\/08\/sin-imagen-destacada.png","datePublished":"2026-01-13T08:48:07+00:00","dateModified":"2026-01-13T09:24:42+00:00","description":"La red de Oficinas Acelera pyme pone a tu disposici\u00f3n puntos de atenci\u00f3n personalizada y asesoramiento para la transformaci\u00f3n digital de las pymes.","breadcrumb":{"@id":"https:\/\/www.oapasturias.es\/noticias\/#breadcrumb"},"inLanguage":"en-US","potentialAction":[{"@type":"ReadAction","target":["https:\/\/www.oapasturias.es\/noticias\/"]}]},{"@type":"ImageObject","inLanguage":"en-US","@id":"https:\/\/www.oapasturias.es\/noticias\/#primaryimage","url":"https:\/\/www.oapasturias.es\/wp-content\/uploads\/2023\/08\/sin-imagen-destacada.png","contentUrl":"https:\/\/www.oapasturias.es\/wp-content\/uploads\/2023\/08\/sin-imagen-destacada.png","width":1920,"height":1235,"caption":"Sin imagen destacada"},{"@type":"BreadcrumbList","@id":"https:\/\/www.oapasturias.es\/noticias\/#breadcrumb","itemListElement":[{"@type":"ListItem","position":1,"name":"Inicio","item":"https:\/\/www.oapasturias.es\/"},{"@type":"ListItem","position":2,"name":"Noticias"}]},{"@type":"WebSite","@id":"https:\/\/www.oapasturias.es\/#website","url":"https:\/\/www.oapasturias.es\/","name":"OAP Asturias","description":"Oficina Acelera Pyme COIIAS","publisher":{"@id":"https:\/\/www.oapasturias.es\/#organization"},"alternateName":"Oficina Acelera Pyme Asturias","potentialAction":[{"@type":"SearchAction","target":{"@type":"EntryPoint","urlTemplate":"https:\/\/www.oapasturias.es\/?s={search_term_string}"},"query-input":{"@type":"PropertyValueSpecification","valueRequired":true,"valueName":"search_term_string"}}],"inLanguage":"en-US"},{"@type":"Organization","@id":"https:\/\/www.oapasturias.es\/#organization","name":"Oficina Acelera Pyme Asturias","url":"https:\/\/www.oapasturias.es\/","logo":{"@type":"ImageObject","inLanguage":"en-US","@id":"https:\/\/www.oapasturias.es\/#\/schema\/logo\/image\/","url":"https:\/\/www.oapasturias.es\/wp-content\/uploads\/2023\/09\/captura-de-pantalla-2023-09-24-a-las-14.17.41.png","contentUrl":"https:\/\/www.oapasturias.es\/wp-content\/uploads\/2023\/09\/captura-de-pantalla-2023-09-24-a-las-14.17.41.png","width":440,"height":364,"caption":"Oficina Acelera Pyme Asturias"},"image":{"@id":"https:\/\/www.oapasturias.es\/#\/schema\/logo\/image\/"}}]}},"_links":{"self":[{"href":"https:\/\/www.oapasturias.es\/en\/wp-json\/wp\/v2\/pages\/10543","targetHints":{"allow":["GET"]}}],"collection":[{"href":"https:\/\/www.oapasturias.es\/en\/wp-json\/wp\/v2\/pages"}],"about":[{"href":"https:\/\/www.oapasturias.es\/en\/wp-json\/wp\/v2\/types\/page"}],"author":[{"embeddable":true,"href":"https:\/\/www.oapasturias.es\/en\/wp-json\/wp\/v2\/users\/7"}],"replies":[{"embeddable":true,"href":"https:\/\/www.oapasturias.es\/en\/wp-json\/wp\/v2\/comments?post=10543"}],"version-history":[{"count":34,"href":"https:\/\/www.oapasturias.es\/en\/wp-json\/wp\/v2\/pages\/10543\/revisions"}],"predecessor-version":[{"id":11194,"href":"https:\/\/www.oapasturias.es\/en\/wp-json\/wp\/v2\/pages\/10543\/revisions\/11194"}],"wp:featuredmedia":[{"embeddable":true,"href":"https:\/\/www.oapasturias.es\/en\/wp-json\/wp\/v2\/media\/1072"}],"wp:attachment":[{"href":"https:\/\/www.oapasturias.es\/en\/wp-json\/wp\/v2\/media?parent=10543"}],"curies":[{"name":"wp","href":"https:\/\/api.w.org\/{rel}","templated":true}]}}