{"id":2212,"date":"2023-10-02T22:51:38","date_gmt":"2023-10-02T20:51:38","guid":{"rendered":"https:\/\/www.oapasturias.es\/?page_id=2212"},"modified":"2025-11-13T12:58:41","modified_gmt":"2025-11-13T11:58:41","slug":"plataforma","status":"publish","type":"page","link":"https:\/\/www.oapasturias.es\/en\/plataforma\/","title":{"rendered":"Platform"},"content":{"rendered":"<div data-elementor-type=\"wp-page\" data-elementor-id=\"2212\" class=\"elementor elementor-2212\" data-elementor-post-type=\"page\">\n\t\t\t\t<div class=\"elementor-element elementor-element-4f8c7a4 e-flex e-con-boxed e-con e-parent\" data-id=\"4f8c7a4\" data-element_type=\"container\">\n\t\t\t\t\t<div class=\"e-con-inner\">\n\t\t\t\t<div class=\"elementor-element elementor-element-fc4ca66 elementor-widget elementor-widget-heading\" data-id=\"fc4ca66\" data-element_type=\"widget\" data-widget_type=\"heading.default\">\n\t\t\t\t<div class=\"elementor-widget-container\">\n\t\t\t\t\t<h2 class=\"elementor-heading-title elementor-size-default\">Content Platform <\/h2>\t\t\t\t<\/div>\n\t\t\t\t<\/div>\n\t\t\t\t<div class=\"elementor-element elementor-element-8741b32 elementor-widget elementor-widget-heading\" data-id=\"8741b32\" data-element_type=\"widget\" data-widget_type=\"heading.default\">\n\t\t\t\t<div class=\"elementor-widget-container\">\n\t\t\t\t\t<h2 class=\"elementor-heading-title elementor-size-default\">Digital Transformation for SMEs, self-employed workers and entrepreneurs<\/h2>\t\t\t\t<\/div>\n\t\t\t\t<\/div>\n\t\t\t\t<div class=\"elementor-element elementor-element-2329128 elementor-widget elementor-widget-heading\" data-id=\"2329128\" data-element_type=\"widget\" data-widget_type=\"heading.default\">\n\t\t\t\t<div class=\"elementor-widget-container\">\n\t\t\t\t\t<h2 class=\"elementor-heading-title elementor-size-default\">(Free access)<\/h2>\t\t\t\t<\/div>\n\t\t\t\t<\/div>\n\t\t\t\t<div class=\"elementor-element elementor-element-58f899a elementor-widget elementor-widget-text-editor\" data-id=\"58f899a\" data-element_type=\"widget\" data-widget_type=\"text-editor.default\">\n\t\t\t\t<div class=\"elementor-widget-container\">\n\t\t\t\t\t\t\t\t\t<p style=\"text-align: center;\">Sign up for our Digital Transformation Content Platform (free access) where you can view all the sessions held since the<strong> COIIAS Accelerate SME Office<\/strong>.<\/p>\t\t\t\t\t\t\t\t<\/div>\n\t\t\t\t<\/div>\n\t\t\t\t\t<\/div>\n\t\t\t\t<\/div>\n\t\t<div class=\"elementor-element elementor-element-007e148 e-con-full e-flex e-con e-parent\" data-id=\"007e148\" data-element_type=\"container\">\n\t\t\t\t<div class=\"elementor-element elementor-element-4d3c26b elementor-align-center elementor-widget elementor-widget-button\" data-id=\"4d3c26b\" data-element_type=\"widget\" data-widget_type=\"button.default\">\n\t\t\t\t<div class=\"elementor-widget-container\">\n\t\t\t\t\t\t\t\t\t<div class=\"elementor-button-wrapper\">\n\t\t\t\t\t<a class=\"elementor-button elementor-button-link elementor-size-sm elementor-animation-grow\" href=\"https:\/\/www.coiias.es\/Eventos\/Inscripcion.aspx?IdMenu=efdef883-963b-49e7-94ef-ab2be94bc083&#038;Cod=8C976376-AB87-4510-A06B-79CA1A55DC8B&#038;Idioma=es-ES\" target=\"_blank\">\n\t\t\t\t\t\t<span class=\"elementor-button-content-wrapper\">\n\t\t\t\t\t\t\t\t\t<span class=\"elementor-button-text\">Sign up here<\/span>\n\t\t\t\t\t<\/span>\n\t\t\t\t\t<\/a>\n\t\t\t\t<\/div>\n\t\t\t\t\t\t\t\t<\/div>\n\t\t\t\t<\/div>\n\t\t\t\t<div class=\"elementor-element elementor-element-e709926 elementor-widget__width-initial elementor-widget-divider--view-line elementor-widget elementor-widget-divider\" data-id=\"e709926\" data-element_type=\"widget\" data-widget_type=\"divider.default\">\n\t\t\t\t<div class=\"elementor-widget-container\">\n\t\t\t\t\t\t\t<div class=\"elementor-divider\">\n\t\t\t<span class=\"elementor-divider-separator\">\n\t\t\t\t\t\t<\/span>\n\t\t<\/div>\n\t\t\t\t\t\t<\/div>\n\t\t\t\t<\/div>\n\t\t\t\t<\/div>\n\t\t<div class=\"elementor-element elementor-element-fbe5763 e-flex e-con-boxed e-con e-parent\" data-id=\"fbe5763\" data-element_type=\"container\">\n\t\t\t\t\t<div class=\"e-con-inner\">\n\t\t\t\t<div class=\"elementor-element elementor-element-cbe2a29 elementor-widget elementor-widget-text-editor\" data-id=\"cbe2a29\" data-element_type=\"widget\" data-widget_type=\"text-editor.default\">\n\t\t\t\t<div class=\"elementor-widget-container\">\n\t\t\t\t\t\t\t\t\t<p><strong>What are you waiting for to transform yourself?<\/strong><br \/>El nuevo entorno digital est\u00e1 poniendo en jaque a los modelos de negocio tradicionales. La \u00abdestrucci\u00f3n creativa\u00bb (destrucci\u00f3n de viejos modelos de negocio por nuevos productos y servicios) se est\u00e1 acelerando catalizado por la nueva atm\u00f3sfera digital.<\/p><p><strong>Is your business digitally transformed?<\/strong><br \/>Reality shows that a large part of companies are in an incipient state in terms of digital transformation.<\/p><p><strong>Is this about technology?<\/strong><br \/>The mere implementation of technology, by itself, does not produce digital transformation, but changing an organization to take full advantage of the potential of these technologies does. Success in digital transformation requires changes in business culture, ways of working, attitudes, greater agility and adaptability, new forms of communication with the client and new business models adapted to the demands and requirements of the new digital client.<\/p><p>Are you ready to transform? Sign up for the course and start transforming your business.<br \/>Remember: Digital transformation, today, is a matter of survival.<\/p>\t\t\t\t\t\t\t\t<\/div>\n\t\t\t\t<\/div>\n\t\t\t\t\t<\/div>\n\t\t\t\t<\/div>\n\t\t\t\t<\/div>","protected":false},"excerpt":{"rendered":"<p>Digital Transformation Content Platform for SMEs, self-employed workers and entrepreneurs (Free access) Sign up for our Digital Transformation Content Platform (free access) where you can view all the sessions held from the COIIAS Acelera Pyme Office. Register here What are you waiting for to transform? The new digital environment is putting the models of [\u2026]<\/p>","protected":false},"author":6,"featured_media":0,"parent":0,"menu_order":3,"comment_status":"closed","ping_status":"closed","template":"","meta":{"_acf_changed":false,"footnotes":""},"class_list":["post-2212","page","type-page","status-publish","hentry"],"acf":[],"yoast_head":"<!-- This site is optimized with the Yoast SEO plugin v24.4 - https:\/\/yoast.com\/wordpress\/plugins\/seo\/ -->\n<title>Plataforma | OAP Asturias<\/title>\n<meta name=\"description\" content=\"La red de Oficinas Acelera pyme pone a tu disposici\u00f3n puntos de atenci\u00f3n personalizada y asesoramiento para la transformaci\u00f3n digital de las pymes.\" \/>\n<meta name=\"robots\" content=\"index, follow, max-snippet:-1, max-image-preview:large, max-video-preview:-1\" \/>\n<link rel=\"canonical\" href=\"https:\/\/www.oapasturias.es\/en\/plataforma\/\" \/>\n<meta property=\"og:locale\" content=\"en_US\" \/>\n<meta property=\"og:type\" content=\"article\" \/>\n<meta property=\"og:title\" content=\"Plataforma | OAP Asturias\" \/>\n<meta property=\"og:description\" content=\"La red de Oficinas Acelera pyme pone a tu disposici\u00f3n puntos de atenci\u00f3n personalizada y asesoramiento para la transformaci\u00f3n digital de las pymes.\" \/>\n<meta property=\"og:url\" content=\"https:\/\/www.oapasturias.es\/en\/plataforma\/\" \/>\n<meta property=\"og:site_name\" content=\"OAP Asturias\" \/>\n<meta property=\"article:modified_time\" content=\"2025-11-13T11:58:41+00:00\" \/>\n<meta name=\"twitter:card\" content=\"summary_large_image\" \/>\n<script type=\"application\/ld+json\" class=\"yoast-schema-graph\">{\"@context\":\"https:\/\/schema.org\",\"@graph\":[{\"@type\":\"WebPage\",\"@id\":\"https:\/\/www.oapasturias.es\/plataforma\/\",\"url\":\"https:\/\/www.oapasturias.es\/plataforma\/\",\"name\":\"Plataforma | OAP Asturias\",\"isPartOf\":{\"@id\":\"https:\/\/www.oapasturias.es\/#website\"},\"datePublished\":\"2023-10-02T20:51:38+00:00\",\"dateModified\":\"2025-11-13T11:58:41+00:00\",\"description\":\"La red de Oficinas Acelera pyme pone a tu disposici\u00f3n puntos de atenci\u00f3n personalizada y asesoramiento para la transformaci\u00f3n digital de las pymes.\",\"breadcrumb\":{\"@id\":\"https:\/\/www.oapasturias.es\/plataforma\/#breadcrumb\"},\"inLanguage\":\"en-US\",\"potentialAction\":[{\"@type\":\"ReadAction\",\"target\":[\"https:\/\/www.oapasturias.es\/plataforma\/\"]}]},{\"@type\":\"BreadcrumbList\",\"@id\":\"https:\/\/www.oapasturias.es\/plataforma\/#breadcrumb\",\"itemListElement\":[{\"@type\":\"ListItem\",\"position\":1,\"name\":\"Inicio\",\"item\":\"https:\/\/www.oapasturias.es\/\"},{\"@type\":\"ListItem\",\"position\":2,\"name\":\"Plataforma\"}]},{\"@type\":\"WebSite\",\"@id\":\"https:\/\/www.oapasturias.es\/#website\",\"url\":\"https:\/\/www.oapasturias.es\/\",\"name\":\"OAP Asturias\",\"description\":\"Oficina Acelera Pyme COIIAS\",\"publisher\":{\"@id\":\"https:\/\/www.oapasturias.es\/#organization\"},\"alternateName\":\"Oficina Acelera Pyme Asturias\",\"potentialAction\":[{\"@type\":\"SearchAction\",\"target\":{\"@type\":\"EntryPoint\",\"urlTemplate\":\"https:\/\/www.oapasturias.es\/?s={search_term_string}\"},\"query-input\":{\"@type\":\"PropertyValueSpecification\",\"valueRequired\":true,\"valueName\":\"search_term_string\"}}],\"inLanguage\":\"en-US\"},{\"@type\":\"Organization\",\"@id\":\"https:\/\/www.oapasturias.es\/#organization\",\"name\":\"Oficina Acelera Pyme Asturias\",\"url\":\"https:\/\/www.oapasturias.es\/\",\"logo\":{\"@type\":\"ImageObject\",\"inLanguage\":\"en-US\",\"@id\":\"https:\/\/www.oapasturias.es\/#\/schema\/logo\/image\/\",\"url\":\"https:\/\/www.oapasturias.es\/wp-content\/uploads\/2023\/09\/captura-de-pantalla-2023-09-24-a-las-14.17.41.png\",\"contentUrl\":\"https:\/\/www.oapasturias.es\/wp-content\/uploads\/2023\/09\/captura-de-pantalla-2023-09-24-a-las-14.17.41.png\",\"width\":440,\"height\":364,\"caption\":\"Oficina Acelera Pyme Asturias\"},\"image\":{\"@id\":\"https:\/\/www.oapasturias.es\/#\/schema\/logo\/image\/\"}}]}<\/script>\n<!-- \/ Yoast SEO plugin. -->","yoast_head_json":{"title":"Plataforma | OAP Asturias","description":"La red de Oficinas Acelera pyme pone a tu disposici\u00f3n puntos de atenci\u00f3n personalizada y asesoramiento para la transformaci\u00f3n digital de las pymes.","robots":{"index":"index","follow":"follow","max-snippet":"max-snippet:-1","max-image-preview":"max-image-preview:large","max-video-preview":"max-video-preview:-1"},"canonical":"https:\/\/www.oapasturias.es\/en\/plataforma\/","og_locale":"en_US","og_type":"article","og_title":"Plataforma | OAP Asturias","og_description":"La red de Oficinas Acelera pyme pone a tu disposici\u00f3n puntos de atenci\u00f3n personalizada y asesoramiento para la transformaci\u00f3n digital de las pymes.","og_url":"https:\/\/www.oapasturias.es\/en\/plataforma\/","og_site_name":"OAP Asturias","article_modified_time":"2025-11-13T11:58:41+00:00","twitter_card":"summary_large_image","schema":{"@context":"https:\/\/schema.org","@graph":[{"@type":"WebPage","@id":"https:\/\/www.oapasturias.es\/plataforma\/","url":"https:\/\/www.oapasturias.es\/plataforma\/","name":"Plataforma | OAP Asturias","isPartOf":{"@id":"https:\/\/www.oapasturias.es\/#website"},"datePublished":"2023-10-02T20:51:38+00:00","dateModified":"2025-11-13T11:58:41+00:00","description":"La red de Oficinas Acelera pyme pone a tu disposici\u00f3n puntos de atenci\u00f3n personalizada y asesoramiento para la transformaci\u00f3n digital de las pymes.","breadcrumb":{"@id":"https:\/\/www.oapasturias.es\/plataforma\/#breadcrumb"},"inLanguage":"en-US","potentialAction":[{"@type":"ReadAction","target":["https:\/\/www.oapasturias.es\/plataforma\/"]}]},{"@type":"BreadcrumbList","@id":"https:\/\/www.oapasturias.es\/plataforma\/#breadcrumb","itemListElement":[{"@type":"ListItem","position":1,"name":"Inicio","item":"https:\/\/www.oapasturias.es\/"},{"@type":"ListItem","position":2,"name":"Plataforma"}]},{"@type":"WebSite","@id":"https:\/\/www.oapasturias.es\/#website","url":"https:\/\/www.oapasturias.es\/","name":"OAP Asturias","description":"Oficina Acelera Pyme COIIAS","publisher":{"@id":"https:\/\/www.oapasturias.es\/#organization"},"alternateName":"Oficina Acelera Pyme Asturias","potentialAction":[{"@type":"SearchAction","target":{"@type":"EntryPoint","urlTemplate":"https:\/\/www.oapasturias.es\/?s={search_term_string}"},"query-input":{"@type":"PropertyValueSpecification","valueRequired":true,"valueName":"search_term_string"}}],"inLanguage":"en-US"},{"@type":"Organization","@id":"https:\/\/www.oapasturias.es\/#organization","name":"Oficina Acelera Pyme Asturias","url":"https:\/\/www.oapasturias.es\/","logo":{"@type":"ImageObject","inLanguage":"en-US","@id":"https:\/\/www.oapasturias.es\/#\/schema\/logo\/image\/","url":"https:\/\/www.oapasturias.es\/wp-content\/uploads\/2023\/09\/captura-de-pantalla-2023-09-24-a-las-14.17.41.png","contentUrl":"https:\/\/www.oapasturias.es\/wp-content\/uploads\/2023\/09\/captura-de-pantalla-2023-09-24-a-las-14.17.41.png","width":440,"height":364,"caption":"Oficina Acelera Pyme Asturias"},"image":{"@id":"https:\/\/www.oapasturias.es\/#\/schema\/logo\/image\/"}}]}},"_links":{"self":[{"href":"https:\/\/www.oapasturias.es\/en\/wp-json\/wp\/v2\/pages\/2212","targetHints":{"allow":["GET"]}}],"collection":[{"href":"https:\/\/www.oapasturias.es\/en\/wp-json\/wp\/v2\/pages"}],"about":[{"href":"https:\/\/www.oapasturias.es\/en\/wp-json\/wp\/v2\/types\/page"}],"author":[{"embeddable":true,"href":"https:\/\/www.oapasturias.es\/en\/wp-json\/wp\/v2\/users\/6"}],"replies":[{"embeddable":true,"href":"https:\/\/www.oapasturias.es\/en\/wp-json\/wp\/v2\/comments?post=2212"}],"version-history":[{"count":8,"href":"https:\/\/www.oapasturias.es\/en\/wp-json\/wp\/v2\/pages\/2212\/revisions"}],"predecessor-version":[{"id":10382,"href":"https:\/\/www.oapasturias.es\/en\/wp-json\/wp\/v2\/pages\/2212\/revisions\/10382"}],"wp:attachment":[{"href":"https:\/\/www.oapasturias.es\/en\/wp-json\/wp\/v2\/media?parent=2212"}],"curies":[{"name":"wp","href":"https:\/\/api.w.org\/{rel}","templated":true}]}}