{"id":2311,"date":"2023-10-04T11:25:31","date_gmt":"2023-10-04T09:25:31","guid":{"rendered":"https:\/\/www.oapasturias.es\/?page_id=2311"},"modified":"2025-11-30T21:44:48","modified_gmt":"2025-11-30T20:44:48","slug":"recursos-2","status":"publish","type":"page","link":"https:\/\/www.oapasturias.es\/en\/recursos-2\/","title":{"rendered":"Resources"},"content":{"rendered":"<div data-elementor-type=\"wp-page\" data-elementor-id=\"2311\" class=\"elementor elementor-2311\" data-elementor-post-type=\"page\">\n\t\t\t\t<div class=\"elementor-element elementor-element-b1fc9db e-flex e-con-boxed e-con e-parent\" data-id=\"b1fc9db\" data-element_type=\"container\">\n\t\t\t\t\t<div class=\"e-con-inner\">\n\t\t\t\t<div class=\"elementor-element elementor-element-b0c0cd8 elementor-widget-divider--view-line elementor-widget elementor-widget-divider\" data-id=\"b0c0cd8\" data-element_type=\"widget\" data-widget_type=\"divider.default\">\n\t\t\t\t<div class=\"elementor-widget-container\">\n\t\t\t\t\t\t\t<div class=\"elementor-divider\">\n\t\t\t<span class=\"elementor-divider-separator\">\n\t\t\t\t\t\t<\/span>\n\t\t<\/div>\n\t\t\t\t\t\t<\/div>\n\t\t\t\t<\/div>\n\t\t\t\t\t<\/div>\n\t\t\t\t<\/div>\n\t\t<div class=\"elementor-element elementor-element-9f0df1e e-flex e-con-boxed e-con e-parent\" data-id=\"9f0df1e\" data-element_type=\"container\">\n\t\t\t\t\t<div class=\"e-con-inner\">\n\t\t<div data-dce-background-color=\"#F8F8F8\" class=\"elementor-element elementor-element-f14a464 e-con-full e-flex e-con e-child\" data-id=\"f14a464\" data-element_type=\"container\" data-settings=\"{&quot;background_background&quot;:&quot;classic&quot;}\">\n\t\t\t\t<div class=\"elementor-element elementor-element-1242c80 elementor-widget elementor-widget-text-editor\" data-id=\"1242c80\" data-element_type=\"widget\" data-widget_type=\"text-editor.default\">\n\t\t\t\t<div class=\"elementor-widget-container\">\n\t\t\t\t\t\t\t\t\t<h3>TECHNOLOGICAL PILLS VIDEO<\/h3>\t\t\t\t\t\t\t\t<\/div>\n\t\t\t\t<\/div>\n\t\t\t\t<div class=\"elementor-element elementor-element-e2c63b2 dce_masking-none elementor-widget elementor-widget-image\" data-id=\"e2c63b2\" data-element_type=\"widget\" data-widget_type=\"image.default\">\n\t\t\t\t<div class=\"elementor-widget-container\">\n\t\t\t\t\t\t\t\t\t\t\t\t\t\t\t<img decoding=\"async\" src=\"https:\/\/www.oapasturias.es\/wp-content\/uploads\/elementor\/thumbs\/11062b_f6f22f3992c9492a9f8bf7cd50e04e98mv2-1-qcqknmoxxs8rkr809jsbf9rhf5ff0y2u03uzek0528.webp\" title=\"11062b f6f22f3992c9492a9f8bf7cd50e04e98~mv2\" alt=\"11062b f6f22f3992c9492a9f8bf7cd50e04e98~mv2\" loading=\"lazy\" \/>\t\t\t\t\t\t\t\t\t\t\t\t\t\t\t<\/div>\n\t\t\t\t<\/div>\n\t\t\t\t<div class=\"elementor-element elementor-element-027bf51 elementor-align-center elementor-widget elementor-widget-button\" data-id=\"027bf51\" data-element_type=\"widget\" data-widget_type=\"button.default\">\n\t\t\t\t<div class=\"elementor-widget-container\">\n\t\t\t\t\t\t\t\t\t<div class=\"elementor-button-wrapper\">\n\t\t\t\t\t<a class=\"elementor-button elementor-button-link elementor-size-sm elementor-animation-grow\" href=\"https:\/\/www.oapasturias.es\/en\/pildoras\/\" target=\"_blank\">\n\t\t\t\t\t\t<span class=\"elementor-button-content-wrapper\">\n\t\t\t\t\t\t\t\t\t<span class=\"elementor-button-text\">see more<\/span>\n\t\t\t\t\t<\/span>\n\t\t\t\t\t<\/a>\n\t\t\t\t<\/div>\n\t\t\t\t\t\t\t\t<\/div>\n\t\t\t\t<\/div>\n\t\t\t\t<\/div>\n\t\t<div data-dce-background-color=\"#F8F8F8\" class=\"elementor-element elementor-element-98c4617 e-con-full e-flex e-con e-child\" data-id=\"98c4617\" data-element_type=\"container\" data-settings=\"{&quot;background_background&quot;:&quot;classic&quot;}\">\n\t\t\t\t<div class=\"elementor-element elementor-element-0ed84c1 elementor-widget elementor-widget-text-editor\" data-id=\"0ed84c1\" data-element_type=\"widget\" data-widget_type=\"text-editor.default\">\n\t\t\t\t<div class=\"elementor-widget-container\">\n\t\t\t\t\t\t\t\t\t<h3>CONTENT PLATFORM<\/h3>\t\t\t\t\t\t\t\t<\/div>\n\t\t\t\t<\/div>\n\t\t\t\t<div class=\"elementor-element elementor-element-dbb7412 dce_masking-none elementor-widget elementor-widget-image\" data-id=\"dbb7412\" data-element_type=\"widget\" data-widget_type=\"image.default\">\n\t\t\t\t<div class=\"elementor-widget-container\">\n\t\t\t\t\t\t\t\t\t\t\t\t\t\t\t<img decoding=\"async\" src=\"https:\/\/www.oapasturias.es\/wp-content\/uploads\/elementor\/thumbs\/6167d2_cc8385787f0b4c4c93e0fc977069064cmv2-1-qcqkml3ecetaocqmd3j8nj91nqkqh1xkixrk7hjvz4.webp\" title=\"6167d2 cc8385787f0b4c4c93e0fc977069064c~mv2\" alt=\"6167d2 cc8385787f0b4c4c93e0fc977069064c~mv2\" loading=\"lazy\" \/>\t\t\t\t\t\t\t\t\t\t\t\t\t\t\t<\/div>\n\t\t\t\t<\/div>\n\t\t\t\t<div class=\"elementor-element elementor-element-21ad270 elementor-widget elementor-widget-button\" data-id=\"21ad270\" data-element_type=\"widget\" data-widget_type=\"button.default\">\n\t\t\t\t<div class=\"elementor-widget-container\">\n\t\t\t\t\t\t\t\t\t<div class=\"elementor-button-wrapper\">\n\t\t\t\t\t<a class=\"elementor-button elementor-button-link elementor-size-sm elementor-animation-grow\" href=\"https:\/\/www.oapasturias.es\/en\/plataforma\/\" target=\"_blank\">\n\t\t\t\t\t\t<span class=\"elementor-button-content-wrapper\">\n\t\t\t\t\t\t\t\t\t<span class=\"elementor-button-text\">see more<\/span>\n\t\t\t\t\t<\/span>\n\t\t\t\t\t<\/a>\n\t\t\t\t<\/div>\n\t\t\t\t\t\t\t\t<\/div>\n\t\t\t\t<\/div>\n\t\t\t\t<\/div>\n\t\t<div data-dce-background-color=\"#F8F8F8\" class=\"elementor-element elementor-element-02b813c e-con-full e-flex e-con e-child\" data-id=\"02b813c\" data-element_type=\"container\" data-settings=\"{&quot;background_background&quot;:&quot;classic&quot;}\">\n\t\t\t\t<div class=\"elementor-element elementor-element-dcdbc52 elementor-widget elementor-widget-text-editor\" data-id=\"dcdbc52\" data-element_type=\"widget\" data-widget_type=\"text-editor.default\">\n\t\t\t\t<div class=\"elementor-widget-container\">\n\t\t\t\t\t\t\t\t\t<h3>RECURSOS ACELERA PYME RED.ES\u00a0<\/h3>\t\t\t\t\t\t\t\t<\/div>\n\t\t\t\t<\/div>\n\t\t\t\t<div class=\"elementor-element elementor-element-19464ff dce_masking-none elementor-widget elementor-widget-image\" data-id=\"19464ff\" data-element_type=\"widget\" data-widget_type=\"image.default\">\n\t\t\t\t<div class=\"elementor-widget-container\">\n\t\t\t\t\t\t\t\t\t\t\t\t\t\t\t<img decoding=\"async\" src=\"https:\/\/www.oapasturias.es\/wp-content\/uploads\/elementor\/thumbs\/kit_digital_logo_auto_x2-removebg-preview-e1644495773890-qctuxrca71aufe1vs5dkuqwb9pngrak0rw0wsaflpc.png\" title=\"digital kit logo auto x2 removebg preview e1644495773890\" alt=\"digital kit logo auto x2 removebg preview e1644495773890\" loading=\"lazy\" \/>\t\t\t\t\t\t\t\t\t\t\t\t\t\t\t<\/div>\n\t\t\t\t<\/div>\n\t\t\t\t<div class=\"elementor-element elementor-element-f7aab8d elementor-widget elementor-widget-button\" data-id=\"f7aab8d\" data-element_type=\"widget\" data-widget_type=\"button.default\">\n\t\t\t\t<div class=\"elementor-widget-container\">\n\t\t\t\t\t\t\t\t\t<div class=\"elementor-button-wrapper\">\n\t\t\t\t\t<a class=\"elementor-button elementor-button-link elementor-size-sm elementor-animation-grow\" href=\"https:\/\/www.acelerapyme.gob.es\/\" target=\"_blank\">\n\t\t\t\t\t\t<span class=\"elementor-button-content-wrapper\">\n\t\t\t\t\t\t\t\t\t<span class=\"elementor-button-text\">see more<\/span>\n\t\t\t\t\t<\/span>\n\t\t\t\t\t<\/a>\n\t\t\t\t<\/div>\n\t\t\t\t\t\t\t\t<\/div>\n\t\t\t\t<\/div>\n\t\t\t\t<\/div>\n\t\t\t\t\t<\/div>\n\t\t\t\t<\/div>\n\t\t\t\t<\/div>","protected":false},"excerpt":{"rendered":"<p>VIDEO PILDORAS TECNOL\u00d3GICAS Ver m\u00e1s PLATAFORMA DE CONTENIDOS Ver m\u00e1s RECURSOS ACELERA PYME RED.ES\u00a0 Ver m\u00e1s<\/p>","protected":false},"author":7,"featured_media":1072,"parent":0,"menu_order":15,"comment_status":"closed","ping_status":"closed","template":"elementor_header_footer","meta":{"_acf_changed":false,"footnotes":""},"class_list":["post-2311","page","type-page","status-publish","has-post-thumbnail","hentry"],"acf":[],"yoast_head":"<!-- This site is optimized with the Yoast SEO plugin v24.4 - https:\/\/yoast.com\/wordpress\/plugins\/seo\/ -->\n<title>Recursos | OAP Asturias<\/title>\n<meta name=\"description\" content=\"Queremos que nos conozcas mejor, as\u00ed que explora esta secci\u00f3n y si\u00e9ntete libre de contactarnos y preguntarnos tus dudas.\" \/>\n<meta name=\"robots\" content=\"index, follow, max-snippet:-1, max-image-preview:large, max-video-preview:-1\" \/>\n<link rel=\"canonical\" href=\"https:\/\/www.oapasturias.es\/en\/recursos-2\/\" \/>\n<meta property=\"og:locale\" content=\"en_US\" \/>\n<meta property=\"og:type\" content=\"article\" \/>\n<meta property=\"og:title\" content=\"Recursos | OAP Asturias\" \/>\n<meta property=\"og:description\" content=\"Queremos que nos conozcas mejor, as\u00ed que explora esta secci\u00f3n y si\u00e9ntete libre de contactarnos y preguntarnos tus dudas.\" \/>\n<meta property=\"og:url\" content=\"https:\/\/www.oapasturias.es\/en\/recursos-2\/\" \/>\n<meta property=\"og:site_name\" content=\"OAP Asturias\" \/>\n<meta property=\"article:modified_time\" content=\"2025-11-30T20:44:48+00:00\" \/>\n<meta property=\"og:image\" content=\"https:\/\/www.oapasturias.es\/wp-content\/uploads\/2023\/08\/sin-imagen-destacada-1024x658.png\" \/>\n\t<meta property=\"og:image:width\" content=\"1024\" \/>\n\t<meta property=\"og:image:height\" content=\"658\" \/>\n\t<meta property=\"og:image:type\" content=\"image\/png\" \/>\n<meta name=\"twitter:card\" content=\"summary_large_image\" \/>\n<script type=\"application\/ld+json\" class=\"yoast-schema-graph\">{\"@context\":\"https:\/\/schema.org\",\"@graph\":[{\"@type\":\"WebPage\",\"@id\":\"https:\/\/www.oapasturias.es\/recursos-2\/\",\"url\":\"https:\/\/www.oapasturias.es\/recursos-2\/\",\"name\":\"Recursos | OAP Asturias\",\"isPartOf\":{\"@id\":\"https:\/\/www.oapasturias.es\/#website\"},\"primaryImageOfPage\":{\"@id\":\"https:\/\/www.oapasturias.es\/recursos-2\/#primaryimage\"},\"image\":{\"@id\":\"https:\/\/www.oapasturias.es\/recursos-2\/#primaryimage\"},\"thumbnailUrl\":\"https:\/\/www.oapasturias.es\/wp-content\/uploads\/2023\/08\/sin-imagen-destacada.png\",\"datePublished\":\"2023-10-04T09:25:31+00:00\",\"dateModified\":\"2025-11-30T20:44:48+00:00\",\"description\":\"Queremos que nos conozcas mejor, as\u00ed que explora esta secci\u00f3n y si\u00e9ntete libre de contactarnos y preguntarnos tus dudas.\",\"breadcrumb\":{\"@id\":\"https:\/\/www.oapasturias.es\/recursos-2\/#breadcrumb\"},\"inLanguage\":\"en-US\",\"potentialAction\":[{\"@type\":\"ReadAction\",\"target\":[\"https:\/\/www.oapasturias.es\/recursos-2\/\"]}]},{\"@type\":\"ImageObject\",\"inLanguage\":\"en-US\",\"@id\":\"https:\/\/www.oapasturias.es\/recursos-2\/#primaryimage\",\"url\":\"https:\/\/www.oapasturias.es\/wp-content\/uploads\/2023\/08\/sin-imagen-destacada.png\",\"contentUrl\":\"https:\/\/www.oapasturias.es\/wp-content\/uploads\/2023\/08\/sin-imagen-destacada.png\",\"width\":1920,\"height\":1235,\"caption\":\"Sin imagen destacada\"},{\"@type\":\"BreadcrumbList\",\"@id\":\"https:\/\/www.oapasturias.es\/recursos-2\/#breadcrumb\",\"itemListElement\":[{\"@type\":\"ListItem\",\"position\":1,\"name\":\"Inicio\",\"item\":\"https:\/\/www.oapasturias.es\/\"},{\"@type\":\"ListItem\",\"position\":2,\"name\":\"Recursos\"}]},{\"@type\":\"WebSite\",\"@id\":\"https:\/\/www.oapasturias.es\/#website\",\"url\":\"https:\/\/www.oapasturias.es\/\",\"name\":\"OAP Asturias\",\"description\":\"Oficina Acelera Pyme COIIAS\",\"publisher\":{\"@id\":\"https:\/\/www.oapasturias.es\/#organization\"},\"alternateName\":\"Oficina Acelera Pyme Asturias\",\"potentialAction\":[{\"@type\":\"SearchAction\",\"target\":{\"@type\":\"EntryPoint\",\"urlTemplate\":\"https:\/\/www.oapasturias.es\/?s={search_term_string}\"},\"query-input\":{\"@type\":\"PropertyValueSpecification\",\"valueRequired\":true,\"valueName\":\"search_term_string\"}}],\"inLanguage\":\"en-US\"},{\"@type\":\"Organization\",\"@id\":\"https:\/\/www.oapasturias.es\/#organization\",\"name\":\"Oficina Acelera Pyme Asturias\",\"url\":\"https:\/\/www.oapasturias.es\/\",\"logo\":{\"@type\":\"ImageObject\",\"inLanguage\":\"en-US\",\"@id\":\"https:\/\/www.oapasturias.es\/#\/schema\/logo\/image\/\",\"url\":\"https:\/\/www.oapasturias.es\/wp-content\/uploads\/2023\/09\/captura-de-pantalla-2023-09-24-a-las-14.17.41.png\",\"contentUrl\":\"https:\/\/www.oapasturias.es\/wp-content\/uploads\/2023\/09\/captura-de-pantalla-2023-09-24-a-las-14.17.41.png\",\"width\":440,\"height\":364,\"caption\":\"Oficina Acelera Pyme Asturias\"},\"image\":{\"@id\":\"https:\/\/www.oapasturias.es\/#\/schema\/logo\/image\/\"}}]}<\/script>\n<!-- \/ Yoast SEO plugin. -->","yoast_head_json":{"title":"Recursos | OAP Asturias","description":"Queremos que nos conozcas mejor, as\u00ed que explora esta secci\u00f3n y si\u00e9ntete libre de contactarnos y preguntarnos tus dudas.","robots":{"index":"index","follow":"follow","max-snippet":"max-snippet:-1","max-image-preview":"max-image-preview:large","max-video-preview":"max-video-preview:-1"},"canonical":"https:\/\/www.oapasturias.es\/en\/recursos-2\/","og_locale":"en_US","og_type":"article","og_title":"Recursos | OAP Asturias","og_description":"Queremos que nos conozcas mejor, as\u00ed que explora esta secci\u00f3n y si\u00e9ntete libre de contactarnos y preguntarnos tus dudas.","og_url":"https:\/\/www.oapasturias.es\/en\/recursos-2\/","og_site_name":"OAP Asturias","article_modified_time":"2025-11-30T20:44:48+00:00","og_image":[{"width":1024,"height":658,"url":"https:\/\/www.oapasturias.es\/wp-content\/uploads\/2023\/08\/sin-imagen-destacada-1024x658.png","type":"image\/png"}],"twitter_card":"summary_large_image","schema":{"@context":"https:\/\/schema.org","@graph":[{"@type":"WebPage","@id":"https:\/\/www.oapasturias.es\/recursos-2\/","url":"https:\/\/www.oapasturias.es\/recursos-2\/","name":"Recursos | OAP Asturias","isPartOf":{"@id":"https:\/\/www.oapasturias.es\/#website"},"primaryImageOfPage":{"@id":"https:\/\/www.oapasturias.es\/recursos-2\/#primaryimage"},"image":{"@id":"https:\/\/www.oapasturias.es\/recursos-2\/#primaryimage"},"thumbnailUrl":"https:\/\/www.oapasturias.es\/wp-content\/uploads\/2023\/08\/sin-imagen-destacada.png","datePublished":"2023-10-04T09:25:31+00:00","dateModified":"2025-11-30T20:44:48+00:00","description":"Queremos que nos conozcas mejor, as\u00ed que explora esta secci\u00f3n y si\u00e9ntete libre de contactarnos y preguntarnos tus dudas.","breadcrumb":{"@id":"https:\/\/www.oapasturias.es\/recursos-2\/#breadcrumb"},"inLanguage":"en-US","potentialAction":[{"@type":"ReadAction","target":["https:\/\/www.oapasturias.es\/recursos-2\/"]}]},{"@type":"ImageObject","inLanguage":"en-US","@id":"https:\/\/www.oapasturias.es\/recursos-2\/#primaryimage","url":"https:\/\/www.oapasturias.es\/wp-content\/uploads\/2023\/08\/sin-imagen-destacada.png","contentUrl":"https:\/\/www.oapasturias.es\/wp-content\/uploads\/2023\/08\/sin-imagen-destacada.png","width":1920,"height":1235,"caption":"Sin imagen destacada"},{"@type":"BreadcrumbList","@id":"https:\/\/www.oapasturias.es\/recursos-2\/#breadcrumb","itemListElement":[{"@type":"ListItem","position":1,"name":"Inicio","item":"https:\/\/www.oapasturias.es\/"},{"@type":"ListItem","position":2,"name":"Recursos"}]},{"@type":"WebSite","@id":"https:\/\/www.oapasturias.es\/#website","url":"https:\/\/www.oapasturias.es\/","name":"OAP Asturias","description":"Oficina Acelera Pyme COIIAS","publisher":{"@id":"https:\/\/www.oapasturias.es\/#organization"},"alternateName":"Oficina Acelera Pyme Asturias","potentialAction":[{"@type":"SearchAction","target":{"@type":"EntryPoint","urlTemplate":"https:\/\/www.oapasturias.es\/?s={search_term_string}"},"query-input":{"@type":"PropertyValueSpecification","valueRequired":true,"valueName":"search_term_string"}}],"inLanguage":"en-US"},{"@type":"Organization","@id":"https:\/\/www.oapasturias.es\/#organization","name":"Oficina Acelera Pyme Asturias","url":"https:\/\/www.oapasturias.es\/","logo":{"@type":"ImageObject","inLanguage":"en-US","@id":"https:\/\/www.oapasturias.es\/#\/schema\/logo\/image\/","url":"https:\/\/www.oapasturias.es\/wp-content\/uploads\/2023\/09\/captura-de-pantalla-2023-09-24-a-las-14.17.41.png","contentUrl":"https:\/\/www.oapasturias.es\/wp-content\/uploads\/2023\/09\/captura-de-pantalla-2023-09-24-a-las-14.17.41.png","width":440,"height":364,"caption":"Oficina Acelera Pyme Asturias"},"image":{"@id":"https:\/\/www.oapasturias.es\/#\/schema\/logo\/image\/"}}]}},"_links":{"self":[{"href":"https:\/\/www.oapasturias.es\/en\/wp-json\/wp\/v2\/pages\/2311","targetHints":{"allow":["GET"]}}],"collection":[{"href":"https:\/\/www.oapasturias.es\/en\/wp-json\/wp\/v2\/pages"}],"about":[{"href":"https:\/\/www.oapasturias.es\/en\/wp-json\/wp\/v2\/types\/page"}],"author":[{"embeddable":true,"href":"https:\/\/www.oapasturias.es\/en\/wp-json\/wp\/v2\/users\/7"}],"replies":[{"embeddable":true,"href":"https:\/\/www.oapasturias.es\/en\/wp-json\/wp\/v2\/comments?post=2311"}],"version-history":[{"count":11,"href":"https:\/\/www.oapasturias.es\/en\/wp-json\/wp\/v2\/pages\/2311\/revisions"}],"predecessor-version":[{"id":10476,"href":"https:\/\/www.oapasturias.es\/en\/wp-json\/wp\/v2\/pages\/2311\/revisions\/10476"}],"wp:featuredmedia":[{"embeddable":true,"href":"https:\/\/www.oapasturias.es\/en\/wp-json\/wp\/v2\/media\/1072"}],"wp:attachment":[{"href":"https:\/\/www.oapasturias.es\/en\/wp-json\/wp\/v2\/media?parent=2311"}],"curies":[{"name":"wp","href":"https:\/\/api.w.org\/{rel}","templated":true}]}}