{"id":2934,"date":"2023-11-07T12:34:55","date_gmt":"2023-11-07T11:34:55","guid":{"rendered":"https:\/\/www.oapasturias.es\/?page_id=2934"},"modified":"2024-04-25T11:07:43","modified_gmt":"2024-04-25T09:07:43","slug":"seccion-test","status":"publish","type":"page","link":"https:\/\/www.oapasturias.es\/en\/seccion-test\/","title":{"rendered":"TEST SECTION"},"content":{"rendered":"<div data-elementor-type=\"wp-page\" data-elementor-id=\"2934\" class=\"elementor elementor-2934\" data-elementor-post-type=\"page\">\n\t\t\t\t<div class=\"elementor-element elementor-element-a756bab e-flex e-con-boxed e-con e-parent\" data-id=\"a756bab\" data-element_type=\"container\">\n\t\t\t\t\t<div class=\"e-con-inner\">\n\t\t\t\t<div class=\"elementor-element elementor-element-83670dc dce-posts-layout-default dce-col-4 dce-col-tablet-3 dce-col-mobile-1 dce-align-left elementor-widget elementor-widget-dce-dynamicposts-v2\" data-id=\"83670dc\" data-element_type=\"widget\" data-settings=\"{&quot;style_items&quot;:&quot;default&quot;,&quot;grid_grid_type&quot;:&quot;flex&quot;}\" data-widget_type=\"dce-dynamicposts-v2.grid\">\n\t\t\t\t<div class=\"elementor-widget-container\">\n\t\t\t\t\t\n\t\t<div class=\"dce-posts-container dce-posts dce-dynamic-posts-collection dce-fix-background-loop  dce-skin-grid dce-skin-grid-flex\">\n\t\t\t\t\t\t<div class=\"dce-posts-wrapper dce-wrapper-grid\">\n\t\t\t\n\t\t<article class=\"post-12217 post type-post status-publish format-standard has-post-thumbnail hentry category-foro dce-post dce-post-item dce-item-grid\" data-dce-post-id=\"12217\" data-dce-post-index=\"0\">\n\t\t\t<div class=\"dce-post-block\">\n\t\t<div class=\"dce-item dce-item_title elementor-repeater-item-5ae62c6\"><h3 class=\"dce-post-title\"><a href=\"https:\/\/www.oapasturias.es\/en\/foro-asturias-digital-2026\/\">Foro Asturias Digital 2026<\/a><\/h3><\/div><div class=\"dce-item dce-item_image elementor-repeater-item-b80c86c\"><a class=\"dce-post-image\" href=\"https:\/\/www.oapasturias.es\/en\/foro-asturias-digital-2026\/\"><figure  class=\"dce-img\"><img fetchpriority=\"high\" decoding=\"async\" width=\"800\" height=\"450\" src=\"https:\/\/www.oapasturias.es\/wp-content\/uploads\/2026\/04\/foro2026-1024x576.jpg\" class=\"\" alt=\"Foro2026\" srcset=\"https:\/\/www.oapasturias.es\/wp-content\/uploads\/2026\/04\/foro2026-1024x576.jpg 1024w, https:\/\/www.oapasturias.es\/wp-content\/uploads\/2026\/04\/foro2026-300x169.jpg 300w, https:\/\/www.oapasturias.es\/wp-content\/uploads\/2026\/04\/foro2026-768x432.jpg 768w, https:\/\/www.oapasturias.es\/wp-content\/uploads\/2026\/04\/foro2026-1536x864.jpg 1536w, https:\/\/www.oapasturias.es\/wp-content\/uploads\/2026\/04\/foro2026-18x10.jpg 18w, https:\/\/www.oapasturias.es\/wp-content\/uploads\/2026\/04\/foro2026.jpg 1920w\" sizes=\"(max-width: 800px) 100vw, 800px\" \/><\/figure><\/a><\/div><div class=\"dce-item dce-item_custommeta elementor-repeater-item-3c7328f\"><div class=\"dce-post-custommeta\"><div class=\"dce-meta-item dce-meta-3c7328f dce-meta-date elementor-repeater-item-3c7328f\">6 May, 2026<\/div><\/div><\/div>\t\t\t<\/div>\n\t\t<\/article>\n\t\t\t\t\t<\/div>\n\t\t\t\t\t<\/div>\n\t\t\t\t\t\t<\/div>\n\t\t\t\t<\/div>\n\t\t\t\t\t<\/div>\n\t\t\t\t<\/div>\n\t\t<div class=\"elementor-element elementor-element-45b1d09 e-flex e-con-boxed e-con e-parent\" data-id=\"45b1d09\" data-element_type=\"container\">\n\t\t\t\t\t<div class=\"e-con-inner\">\n\t\t\t\t<div class=\"elementor-element elementor-element-a695fc6 elementor-widget elementor-widget-gallery\" data-id=\"a695fc6\" data-element_type=\"widget\" data-settings=\"{&quot;gap&quot;:{&quot;unit&quot;:&quot;px&quot;,&quot;size&quot;:1,&quot;sizes&quot;:[]},&quot;overlay_title&quot;:&quot;title&quot;,&quot;overlay_description&quot;:&quot;caption&quot;,&quot;lazyload&quot;:&quot;yes&quot;,&quot;gallery_layout&quot;:&quot;grid&quot;,&quot;columns&quot;:4,&quot;columns_tablet&quot;:2,&quot;columns_mobile&quot;:1,&quot;gap_tablet&quot;:{&quot;unit&quot;:&quot;px&quot;,&quot;size&quot;:10,&quot;sizes&quot;:[]},&quot;gap_mobile&quot;:{&quot;unit&quot;:&quot;px&quot;,&quot;size&quot;:10,&quot;sizes&quot;:[]},&quot;link_to&quot;:&quot;file&quot;,&quot;aspect_ratio&quot;:&quot;3:2&quot;,&quot;show_all_galleries&quot;:&quot;yes&quot;,&quot;overlay_background&quot;:&quot;yes&quot;}\" data-widget_type=\"gallery.default\">\n\t\t\t\t<div class=\"elementor-widget-container\">\n\t\t\t\t\t\t\t\t<div class=\"elementor-gallery__titles-container e--pointer-underline e--animation-fade\" aria-label=\"Gallery filter\">\n\t\t\t\t\t\t\t\t\t<a class=\"elementor-item elementor-gallery-title\" role=\"button\" tabindex=\"0\" data-gallery-index=\"all\">\n\t\t\t\t\t\tAll\t\t\t\t\t<\/a>\n\t\t\t\t\n\t\t\t\t\t\t\t\t\t<a class=\"elementor-item elementor-gallery-title\" role=\"button\" tabindex=\"0\" data-gallery-index=\"0\">\n\t\t\t\t\t\t1\t\t\t\t\t<\/a>\n\t\t\t\t\t\t\t\t\t\t<a class=\"elementor-item elementor-gallery-title\" role=\"button\" tabindex=\"0\" data-gallery-index=\"1\">\n\t\t\t\t\t\t2\t\t\t\t\t<\/a>\n\t\t\t\t\t\t\t\t<\/div>\n\t\t\t\t\t<div class=\"elementor-gallery__container\">\n\t\t\t\t\t\t\t<a class=\"e-gallery-item elementor-gallery-item\" data-e-gallery-tags=\"0\" href=\"https:\/\/www.oapasturias.es\/wp-content\/uploads\/2024\/01\/telefonica.jpg\" data-elementor-open-lightbox=\"yes\" data-elementor-lightbox-slideshow=\"a695fc6\" data-elementor-lightbox-title=\"telefonica\" data-elementor-lightbox-description=\"telefonica\" data-e-action-hash=\"#elementor-action%3Aaction%3Dlightbox%26settings%3DeyJpZCI6NTU4NSwidXJsIjoiaHR0cHM6XC9cL3d3dy5vYXBhc3R1cmlhcy5lc1wvd3AtY29udGVudFwvdXBsb2Fkc1wvMjAyNFwvMDFcL3RlbGVmb25pY2EuanBnIiwic2xpZGVzaG93IjoiYTY5NWZjNiJ9\">\n\t\t\t\t\t<div class=\"e-gallery-image elementor-gallery-item__image\" data-thumbnail=\"https:\/\/www.oapasturias.es\/wp-content\/uploads\/2024\/01\/telefonica.jpg\" data-width=\"200\" data-height=\"200\" aria-label=\"telephone\" role=\"img\" ><\/div>\n\t\t\t\t\t\t\t\t\t\t\t<div class=\"elementor-gallery-item__overlay\"><\/div>\n\t\t\t\t\t\t\t\t\t\t\t\t\t\t\t<div class=\"elementor-gallery-item__content\">\n\t\t\t\t\t\t\t\t\t\t\t\t\t\t<div class=\"elementor-gallery-item__title\">\n\t\t\t\t\t\t\t\t\t\t\t\t\t\t\t\t\t\ttelephone\t\t\t\t\t\t\t\t<\/div>\n\t\t\t\t\t\t\t\t\t\t\t\t\t\t\t<div class=\"elementor-gallery-item__description\">\n\t\t\t\t\t\t\t\t\t\t\t\t\t\t\t\t\t\tPaula Valles - Big Data &amp; AI Specialist\t\t\t\t\t\t\t\t<\/div>\n\t\t\t\t\t\t\t\t\t\t\t\t<\/div>\n\t\t\t\t\t\t\t\t\t<\/a>\n\t\t\t\t\t\t\t<a class=\"e-gallery-item elementor-gallery-item\" data-e-gallery-tags=\"0\" href=\"https:\/\/www.oapasturias.es\/wp-content\/uploads\/2023\/11\/sergiocopia.jpg\" data-elementor-open-lightbox=\"yes\" data-elementor-lightbox-slideshow=\"a695fc6\" data-elementor-lightbox-title=\"sergiocopia\" data-elementor-lightbox-description=\"sergiocopia\" data-e-action-hash=\"#elementor-action%3Aaction%3Dlightbox%26settings%3DeyJpZCI6NTU1NywidXJsIjoiaHR0cHM6XC9cL3d3dy5vYXBhc3R1cmlhcy5lc1wvd3AtY29udGVudFwvdXBsb2Fkc1wvMjAyM1wvMTFcL3Nlcmdpb2NvcGlhLmpwZyIsInNsaWRlc2hvdyI6ImE2OTVmYzYifQ%3D%3D\">\n\t\t\t\t\t<div class=\"e-gallery-image elementor-gallery-item__image\" data-thumbnail=\"https:\/\/www.oapasturias.es\/wp-content\/uploads\/2023\/11\/sergiocopia.jpg\" data-width=\"113\" data-height=\"125\" aria-label=\"sergiocopy\" role=\"img\" ><\/div>\n\t\t\t\t\t\t\t\t\t\t\t<div class=\"elementor-gallery-item__overlay\"><\/div>\n\t\t\t\t\t\t\t\t\t\t\t\t\t\t\t<div class=\"elementor-gallery-item__content\">\n\t\t\t\t\t\t\t\t\t\t\t\t\t\t<div class=\"elementor-gallery-item__title\">\n\t\t\t\t\t\t\t\t\t\t\t\t\t\t\t\t\t\tsergiocopy\t\t\t\t\t\t\t\t<\/div>\n\t\t\t\t\t\t\t\t\t\t\t\t\t\t\t<div class=\"elementor-gallery-item__description\">\n\t\t\t\t\t\t\t\t\t\t\t\t\t\t\t\t\t\tsergiocopy\t\t\t\t\t\t\t\t<\/div>\n\t\t\t\t\t\t\t\t\t\t\t\t<\/div>\n\t\t\t\t\t\t\t\t\t<\/a>\n\t\t\t\t\t\t\t<a class=\"e-gallery-item elementor-gallery-item\" data-e-gallery-tags=\"0\" href=\"https:\/\/www.oapasturias.es\/wp-content\/uploads\/2023\/11\/luis.jpg\" data-elementor-open-lightbox=\"yes\" data-elementor-lightbox-slideshow=\"a695fc6\" data-elementor-lightbox-title=\"luis\" data-elementor-lightbox-description=\"luis\" data-e-action-hash=\"#elementor-action%3Aaction%3Dlightbox%26settings%3DeyJpZCI6NTU1OCwidXJsIjoiaHR0cHM6XC9cL3d3dy5vYXBhc3R1cmlhcy5lc1wvd3AtY29udGVudFwvdXBsb2Fkc1wvMjAyM1wvMTFcL2x1aXMuanBnIiwic2xpZGVzaG93IjoiYTY5NWZjNiJ9\">\n\t\t\t\t\t<div class=\"e-gallery-image elementor-gallery-item__image\" data-thumbnail=\"https:\/\/www.oapasturias.es\/wp-content\/uploads\/2023\/11\/luis.jpg\" data-width=\"200\" data-height=\"200\" aria-label=\"Luis\" role=\"img\" ><\/div>\n\t\t\t\t\t\t\t\t\t\t\t<div class=\"elementor-gallery-item__overlay\"><\/div>\n\t\t\t\t\t\t\t\t\t\t\t\t\t\t\t<div class=\"elementor-gallery-item__content\">\n\t\t\t\t\t\t\t\t\t\t\t\t\t\t<div class=\"elementor-gallery-item__title\">\n\t\t\t\t\t\t\t\t\t\t\t\t\t\t\t\t\t\tLuis\t\t\t\t\t\t\t\t<\/div>\n\t\t\t\t\t\t\t\t\t\t\t\t\t\t\t<div class=\"elementor-gallery-item__description\">\n\t\t\t\t\t\t\t\t\t\t\t\t\t\t\t\t\t\tLuis\t\t\t\t\t\t\t\t<\/div>\n\t\t\t\t\t\t\t\t\t\t\t\t<\/div>\n\t\t\t\t\t\t\t\t\t<\/a>\n\t\t\t\t\t\t\t<a class=\"e-gallery-item elementor-gallery-item\" data-e-gallery-tags=\"0\" href=\"https:\/\/www.oapasturias.es\/wp-content\/uploads\/2023\/11\/1599563326779.jpg\" data-elementor-open-lightbox=\"yes\" data-elementor-lightbox-slideshow=\"a695fc6\" data-elementor-lightbox-title=\"1599563326779\" data-elementor-lightbox-description=\"1599563326779\" data-e-action-hash=\"#elementor-action%3Aaction%3Dlightbox%26settings%3DeyJpZCI6NTU3MCwidXJsIjoiaHR0cHM6XC9cL3d3dy5vYXBhc3R1cmlhcy5lc1wvd3AtY29udGVudFwvdXBsb2Fkc1wvMjAyM1wvMTFcLzE1OTk1NjMzMjY3NzkuanBnIiwic2xpZGVzaG93IjoiYTY5NWZjNiJ9\">\n\t\t\t\t\t<div class=\"e-gallery-image elementor-gallery-item__image\" data-thumbnail=\"https:\/\/www.oapasturias.es\/wp-content\/uploads\/2023\/11\/1599563326779.jpg\" data-width=\"111\" data-height=\"133\" aria-label=\"1599563326779\" role=\"img\" ><\/div>\n\t\t\t\t\t\t\t\t\t\t\t<div class=\"elementor-gallery-item__overlay\"><\/div>\n\t\t\t\t\t\t\t\t\t\t\t\t\t\t\t<div class=\"elementor-gallery-item__content\">\n\t\t\t\t\t\t\t\t\t\t\t\t\t\t<div class=\"elementor-gallery-item__title\">\n\t\t\t\t\t\t\t\t\t\t\t\t\t\t\t\t\t\t1599563326779\t\t\t\t\t\t\t\t<\/div>\n\t\t\t\t\t\t\t\t\t\t\t\t\t\t\t<div class=\"elementor-gallery-item__description\">\n\t\t\t\t\t\t\t\t\t\t\t\t\t\t\t\t\t\t1599563326779\t\t\t\t\t\t\t\t<\/div>\n\t\t\t\t\t\t\t\t\t\t\t\t<\/div>\n\t\t\t\t\t\t\t\t\t<\/a>\n\t\t\t\t\t\t\t<a class=\"e-gallery-item elementor-gallery-item\" data-e-gallery-tags=\"1\" href=\"https:\/\/www.oapasturias.es\/wp-content\/uploads\/2024\/04\/copiacobots.png\" data-elementor-open-lightbox=\"yes\" data-elementor-lightbox-slideshow=\"a695fc6\" data-elementor-lightbox-title=\"copiacobots\" data-elementor-lightbox-description=\"copiacobots\" data-e-action-hash=\"#elementor-action%3Aaction%3Dlightbox%26settings%3DeyJpZCI6NTUxNCwidXJsIjoiaHR0cHM6XC9cL3d3dy5vYXBhc3R1cmlhcy5lc1wvd3AtY29udGVudFwvdXBsb2Fkc1wvMjAyNFwvMDRcL2NvcGlhY29ib3RzLnBuZyIsInNsaWRlc2hvdyI6ImE2OTVmYzYifQ%3D%3D\">\n\t\t\t\t\t<div class=\"e-gallery-image elementor-gallery-item__image\" data-thumbnail=\"https:\/\/www.oapasturias.es\/wp-content\/uploads\/2024\/04\/copiacobots-300x218.png\" data-width=\"300\" data-height=\"218\" aria-label=\"copycobots\" role=\"img\" ><\/div>\n\t\t\t\t\t\t\t\t\t\t\t<div class=\"elementor-gallery-item__overlay\"><\/div>\n\t\t\t\t\t\t\t\t\t\t\t\t\t\t\t<div class=\"elementor-gallery-item__content\">\n\t\t\t\t\t\t\t\t\t\t\t\t\t\t<div class=\"elementor-gallery-item__title\">\n\t\t\t\t\t\t\t\t\t\t\t\t\t\t\t\t\t\tcopycobots\t\t\t\t\t\t\t\t<\/div>\n\t\t\t\t\t\t\t\t\t\t\t\t\t\t\t<div class=\"elementor-gallery-item__description\">\n\t\t\t\t\t\t\t\t\t\t\t\t\t\t\t\t\t\tcopycobots\t\t\t\t\t\t\t\t<\/div>\n\t\t\t\t\t\t\t\t\t\t\t\t<\/div>\n\t\t\t\t\t\t\t\t\t<\/a>\n\t\t\t\t\t\t\t<a class=\"e-gallery-item elementor-gallery-item\" data-e-gallery-tags=\"1\" href=\"https:\/\/www.oapasturias.es\/wp-content\/uploads\/2024\/04\/canonical-e1713868601340.png\" data-elementor-open-lightbox=\"yes\" data-elementor-lightbox-slideshow=\"a695fc6\" data-elementor-lightbox-title=\"canonical\" data-elementor-lightbox-description=\"canonical\" data-e-action-hash=\"#elementor-action%3Aaction%3Dlightbox%26settings%3DeyJpZCI6NTUxMSwidXJsIjoiaHR0cHM6XC9cL3d3dy5vYXBhc3R1cmlhcy5lc1wvd3AtY29udGVudFwvdXBsb2Fkc1wvMjAyNFwvMDRcL2Nhbm9uaWNhbC1lMTcxMzg2ODYwMTM0MC5wbmciLCJzbGlkZXNob3ciOiJhNjk1ZmM2In0%3D\">\n\t\t\t\t\t<div class=\"e-gallery-image elementor-gallery-item__image\" data-thumbnail=\"https:\/\/www.oapasturias.es\/wp-content\/uploads\/2024\/04\/canonical-292x300.png\" data-width=\"292\" data-height=\"300\" aria-label=\"canonical\" role=\"img\" ><\/div>\n\t\t\t\t\t\t\t\t\t\t\t<div class=\"elementor-gallery-item__overlay\"><\/div>\n\t\t\t\t\t\t\t\t\t\t\t\t\t\t\t<div class=\"elementor-gallery-item__content\">\n\t\t\t\t\t\t\t\t\t\t\t\t\t\t<div class=\"elementor-gallery-item__title\">\n\t\t\t\t\t\t\t\t\t\t\t\t\t\t\t\t\t\tcanonical\t\t\t\t\t\t\t\t<\/div>\n\t\t\t\t\t\t\t\t\t\t\t\t\t\t\t<div class=\"elementor-gallery-item__description\">\n\t\t\t\t\t\t\t\t\t\t\t\t\t\t\t\t\t\tcanonical\t\t\t\t\t\t\t\t<\/div>\n\t\t\t\t\t\t\t\t\t\t\t\t<\/div>\n\t\t\t\t\t\t\t\t\t<\/a>\n\t\t\t\t\t\t\t<a class=\"e-gallery-item elementor-gallery-item\" data-e-gallery-tags=\"1\" href=\"https:\/\/www.oapasturias.es\/wp-content\/uploads\/2024\/04\/1609005319305.jpg\" data-elementor-open-lightbox=\"yes\" data-elementor-lightbox-slideshow=\"a695fc6\" data-elementor-lightbox-title=\"1609005319305\" data-elementor-lightbox-description=\"1609005319305\" data-e-action-hash=\"#elementor-action%3Aaction%3Dlightbox%26settings%3DeyJpZCI6NTQ5OCwidXJsIjoiaHR0cHM6XC9cL3d3dy5vYXBhc3R1cmlhcy5lc1wvd3AtY29udGVudFwvdXBsb2Fkc1wvMjAyNFwvMDRcLzE2MDkwMDUzMTkzMDUuanBnIiwic2xpZGVzaG93IjoiYTY5NWZjNiJ9\">\n\t\t\t\t\t<div class=\"e-gallery-image elementor-gallery-item__image\" data-thumbnail=\"https:\/\/www.oapasturias.es\/wp-content\/uploads\/2024\/04\/1609005319305.jpg\" data-width=\"200\" data-height=\"200\" aria-label=\"1609005319305\" role=\"img\" ><\/div>\n\t\t\t\t\t\t\t\t\t\t\t<div class=\"elementor-gallery-item__overlay\"><\/div>\n\t\t\t\t\t\t\t\t\t\t\t\t\t\t\t<div class=\"elementor-gallery-item__content\">\n\t\t\t\t\t\t\t\t\t\t\t\t\t\t<div class=\"elementor-gallery-item__title\">\n\t\t\t\t\t\t\t\t\t\t\t\t\t\t\t\t\t\t1609005319305\t\t\t\t\t\t\t\t<\/div>\n\t\t\t\t\t\t\t\t\t\t\t\t\t\t\t<div class=\"elementor-gallery-item__description\">\n\t\t\t\t\t\t\t\t\t\t\t\t\t\t\t\t\t\t1609005319305\t\t\t\t\t\t\t\t<\/div>\n\t\t\t\t\t\t\t\t\t\t\t\t<\/div>\n\t\t\t\t\t\t\t\t\t<\/a>\n\t\t\t\t\t<\/div>\n\t\t\t\t\t<\/div>\n\t\t\t\t<\/div>\n\t\t\t\t\t<\/div>\n\t\t\t\t<\/div>\n\t\t\t\t<\/div>","protected":false},"excerpt":{"rendered":"<p>Visita Espacio Demostrador Rob\u00f3tica Colaborativa 18 septiembre, 2024 Visita Gonvarri MS R&#038;D Gemelo Digital de Producto 5 junio, 2024 Comunica tu idea en 5 minutos con Elevator Pitch 29 mayo, 2024 WORKSHOP, LAS 10 CLAVES PARA IMPULSAR TU PERFIL DE LINKEDIN 28 mayo, 2024 WhatsApp para marketing, ventas y atenci\u00f3n al cliente 16 mayo, 2024 [&hellip;]<\/p>","protected":false},"author":5,"featured_media":0,"parent":0,"menu_order":1,"comment_status":"closed","ping_status":"closed","template":"","meta":{"_acf_changed":false,"footnotes":""},"class_list":["post-2934","page","type-page","status-publish","hentry"],"acf":[],"yoast_head":"<!-- This site is optimized with the Yoast SEO plugin v24.4 - https:\/\/yoast.com\/wordpress\/plugins\/seo\/ -->\n<title>SECCION TEST | OAP Asturias<\/title>\n<meta name=\"description\" content=\"La red de Oficinas Acelera pyme pone a tu disposici\u00f3n puntos de atenci\u00f3n personalizada y asesoramiento para la transformaci\u00f3n digital de las pymes.\" \/>\n<meta name=\"robots\" content=\"index, follow, max-snippet:-1, max-image-preview:large, max-video-preview:-1\" \/>\n<link rel=\"canonical\" href=\"https:\/\/www.oapasturias.es\/en\/seccion-test\/\" \/>\n<meta property=\"og:locale\" content=\"en_US\" \/>\n<meta property=\"og:type\" content=\"article\" \/>\n<meta property=\"og:title\" content=\"SECCION TEST | OAP Asturias\" \/>\n<meta property=\"og:description\" content=\"La red de Oficinas Acelera pyme pone a tu disposici\u00f3n puntos de atenci\u00f3n personalizada y asesoramiento para la transformaci\u00f3n digital de las pymes.\" \/>\n<meta property=\"og:url\" content=\"https:\/\/www.oapasturias.es\/en\/seccion-test\/\" \/>\n<meta property=\"og:site_name\" content=\"OAP Asturias\" \/>\n<meta property=\"article:modified_time\" content=\"2024-04-25T09:07:43+00:00\" \/>\n<meta property=\"og:image\" content=\"https:\/\/www.oapasturias.es\/wp-content\/uploads\/2023\/09\/0eebd11a42f44a168f8e6f0a1266b7ca-1-1024x594.webp\" \/>\n<meta name=\"twitter:card\" content=\"summary_large_image\" \/>\n<script type=\"application\/ld+json\" class=\"yoast-schema-graph\">{\"@context\":\"https:\/\/schema.org\",\"@graph\":[{\"@type\":\"WebPage\",\"@id\":\"https:\/\/www.oapasturias.es\/seccion-test\/\",\"url\":\"https:\/\/www.oapasturias.es\/seccion-test\/\",\"name\":\"SECCION TEST | OAP Asturias\",\"isPartOf\":{\"@id\":\"https:\/\/www.oapasturias.es\/#website\"},\"primaryImageOfPage\":{\"@id\":\"https:\/\/www.oapasturias.es\/seccion-test\/#primaryimage\"},\"image\":{\"@id\":\"https:\/\/www.oapasturias.es\/seccion-test\/#primaryimage\"},\"thumbnailUrl\":\"https:\/\/www.oapasturias.es\/wp-content\/uploads\/2023\/09\/0eebd11a42f44a168f8e6f0a1266b7ca-1-1024x594.webp\",\"datePublished\":\"2023-11-07T11:34:55+00:00\",\"dateModified\":\"2024-04-25T09:07:43+00:00\",\"description\":\"La red de Oficinas Acelera pyme pone a tu disposici\u00f3n puntos de atenci\u00f3n personalizada y asesoramiento para la transformaci\u00f3n digital de las pymes.\",\"breadcrumb\":{\"@id\":\"https:\/\/www.oapasturias.es\/seccion-test\/#breadcrumb\"},\"inLanguage\":\"en-US\",\"potentialAction\":[{\"@type\":\"ReadAction\",\"target\":[\"https:\/\/www.oapasturias.es\/seccion-test\/\"]}]},{\"@type\":\"ImageObject\",\"inLanguage\":\"en-US\",\"@id\":\"https:\/\/www.oapasturias.es\/seccion-test\/#primaryimage\",\"url\":\"https:\/\/www.oapasturias.es\/wp-content\/uploads\/2023\/09\/0eebd11a42f44a168f8e6f0a1266b7ca-1-1024x594.webp\",\"contentUrl\":\"https:\/\/www.oapasturias.es\/wp-content\/uploads\/2023\/09\/0eebd11a42f44a168f8e6f0a1266b7ca-1-1024x594.webp\"},{\"@type\":\"BreadcrumbList\",\"@id\":\"https:\/\/www.oapasturias.es\/seccion-test\/#breadcrumb\",\"itemListElement\":[{\"@type\":\"ListItem\",\"position\":1,\"name\":\"Inicio\",\"item\":\"https:\/\/www.oapasturias.es\/\"},{\"@type\":\"ListItem\",\"position\":2,\"name\":\"SECCION TEST\"}]},{\"@type\":\"WebSite\",\"@id\":\"https:\/\/www.oapasturias.es\/#website\",\"url\":\"https:\/\/www.oapasturias.es\/\",\"name\":\"OAP Asturias\",\"description\":\"Oficina Acelera Pyme COIIAS\",\"publisher\":{\"@id\":\"https:\/\/www.oapasturias.es\/#organization\"},\"alternateName\":\"Oficina Acelera Pyme Asturias\",\"potentialAction\":[{\"@type\":\"SearchAction\",\"target\":{\"@type\":\"EntryPoint\",\"urlTemplate\":\"https:\/\/www.oapasturias.es\/?s={search_term_string}\"},\"query-input\":{\"@type\":\"PropertyValueSpecification\",\"valueRequired\":true,\"valueName\":\"search_term_string\"}}],\"inLanguage\":\"en-US\"},{\"@type\":\"Organization\",\"@id\":\"https:\/\/www.oapasturias.es\/#organization\",\"name\":\"Oficina Acelera Pyme Asturias\",\"url\":\"https:\/\/www.oapasturias.es\/\",\"logo\":{\"@type\":\"ImageObject\",\"inLanguage\":\"en-US\",\"@id\":\"https:\/\/www.oapasturias.es\/#\/schema\/logo\/image\/\",\"url\":\"https:\/\/www.oapasturias.es\/wp-content\/uploads\/2023\/09\/captura-de-pantalla-2023-09-24-a-las-14.17.41.png\",\"contentUrl\":\"https:\/\/www.oapasturias.es\/wp-content\/uploads\/2023\/09\/captura-de-pantalla-2023-09-24-a-las-14.17.41.png\",\"width\":440,\"height\":364,\"caption\":\"Oficina Acelera Pyme Asturias\"},\"image\":{\"@id\":\"https:\/\/www.oapasturias.es\/#\/schema\/logo\/image\/\"}}]}<\/script>\n<!-- \/ Yoast SEO plugin. -->","yoast_head_json":{"title":"SECCION TEST | OAP Asturias","description":"La red de Oficinas Acelera pyme pone a tu disposici\u00f3n puntos de atenci\u00f3n personalizada y asesoramiento para la transformaci\u00f3n digital de las pymes.","robots":{"index":"index","follow":"follow","max-snippet":"max-snippet:-1","max-image-preview":"max-image-preview:large","max-video-preview":"max-video-preview:-1"},"canonical":"https:\/\/www.oapasturias.es\/en\/seccion-test\/","og_locale":"en_US","og_type":"article","og_title":"SECCION TEST | OAP Asturias","og_description":"La red de Oficinas Acelera pyme pone a tu disposici\u00f3n puntos de atenci\u00f3n personalizada y asesoramiento para la transformaci\u00f3n digital de las pymes.","og_url":"https:\/\/www.oapasturias.es\/en\/seccion-test\/","og_site_name":"OAP Asturias","article_modified_time":"2024-04-25T09:07:43+00:00","og_image":[{"url":"https:\/\/www.oapasturias.es\/wp-content\/uploads\/2023\/09\/0eebd11a42f44a168f8e6f0a1266b7ca-1-1024x594.webp","type":"","width":"","height":""}],"twitter_card":"summary_large_image","schema":{"@context":"https:\/\/schema.org","@graph":[{"@type":"WebPage","@id":"https:\/\/www.oapasturias.es\/seccion-test\/","url":"https:\/\/www.oapasturias.es\/seccion-test\/","name":"SECCION TEST | OAP Asturias","isPartOf":{"@id":"https:\/\/www.oapasturias.es\/#website"},"primaryImageOfPage":{"@id":"https:\/\/www.oapasturias.es\/seccion-test\/#primaryimage"},"image":{"@id":"https:\/\/www.oapasturias.es\/seccion-test\/#primaryimage"},"thumbnailUrl":"https:\/\/www.oapasturias.es\/wp-content\/uploads\/2023\/09\/0eebd11a42f44a168f8e6f0a1266b7ca-1-1024x594.webp","datePublished":"2023-11-07T11:34:55+00:00","dateModified":"2024-04-25T09:07:43+00:00","description":"La red de Oficinas Acelera pyme pone a tu disposici\u00f3n puntos de atenci\u00f3n personalizada y asesoramiento para la transformaci\u00f3n digital de las pymes.","breadcrumb":{"@id":"https:\/\/www.oapasturias.es\/seccion-test\/#breadcrumb"},"inLanguage":"en-US","potentialAction":[{"@type":"ReadAction","target":["https:\/\/www.oapasturias.es\/seccion-test\/"]}]},{"@type":"ImageObject","inLanguage":"en-US","@id":"https:\/\/www.oapasturias.es\/seccion-test\/#primaryimage","url":"https:\/\/www.oapasturias.es\/wp-content\/uploads\/2023\/09\/0eebd11a42f44a168f8e6f0a1266b7ca-1-1024x594.webp","contentUrl":"https:\/\/www.oapasturias.es\/wp-content\/uploads\/2023\/09\/0eebd11a42f44a168f8e6f0a1266b7ca-1-1024x594.webp"},{"@type":"BreadcrumbList","@id":"https:\/\/www.oapasturias.es\/seccion-test\/#breadcrumb","itemListElement":[{"@type":"ListItem","position":1,"name":"Inicio","item":"https:\/\/www.oapasturias.es\/"},{"@type":"ListItem","position":2,"name":"SECCION TEST"}]},{"@type":"WebSite","@id":"https:\/\/www.oapasturias.es\/#website","url":"https:\/\/www.oapasturias.es\/","name":"OAP Asturias","description":"Oficina Acelera Pyme COIIAS","publisher":{"@id":"https:\/\/www.oapasturias.es\/#organization"},"alternateName":"Oficina Acelera Pyme Asturias","potentialAction":[{"@type":"SearchAction","target":{"@type":"EntryPoint","urlTemplate":"https:\/\/www.oapasturias.es\/?s={search_term_string}"},"query-input":{"@type":"PropertyValueSpecification","valueRequired":true,"valueName":"search_term_string"}}],"inLanguage":"en-US"},{"@type":"Organization","@id":"https:\/\/www.oapasturias.es\/#organization","name":"Oficina Acelera Pyme Asturias","url":"https:\/\/www.oapasturias.es\/","logo":{"@type":"ImageObject","inLanguage":"en-US","@id":"https:\/\/www.oapasturias.es\/#\/schema\/logo\/image\/","url":"https:\/\/www.oapasturias.es\/wp-content\/uploads\/2023\/09\/captura-de-pantalla-2023-09-24-a-las-14.17.41.png","contentUrl":"https:\/\/www.oapasturias.es\/wp-content\/uploads\/2023\/09\/captura-de-pantalla-2023-09-24-a-las-14.17.41.png","width":440,"height":364,"caption":"Oficina Acelera Pyme Asturias"},"image":{"@id":"https:\/\/www.oapasturias.es\/#\/schema\/logo\/image\/"}}]}},"_links":{"self":[{"href":"https:\/\/www.oapasturias.es\/en\/wp-json\/wp\/v2\/pages\/2934","targetHints":{"allow":["GET"]}}],"collection":[{"href":"https:\/\/www.oapasturias.es\/en\/wp-json\/wp\/v2\/pages"}],"about":[{"href":"https:\/\/www.oapasturias.es\/en\/wp-json\/wp\/v2\/types\/page"}],"author":[{"embeddable":true,"href":"https:\/\/www.oapasturias.es\/en\/wp-json\/wp\/v2\/users\/5"}],"replies":[{"embeddable":true,"href":"https:\/\/www.oapasturias.es\/en\/wp-json\/wp\/v2\/comments?post=2934"}],"version-history":[{"count":5,"href":"https:\/\/www.oapasturias.es\/en\/wp-json\/wp\/v2\/pages\/2934\/revisions"}],"predecessor-version":[{"id":5946,"href":"https:\/\/www.oapasturias.es\/en\/wp-json\/wp\/v2\/pages\/2934\/revisions\/5946"}],"wp:attachment":[{"href":"https:\/\/www.oapasturias.es\/en\/wp-json\/wp\/v2\/media?parent=2934"}],"curies":[{"name":"wp","href":"https:\/\/api.w.org\/{rel}","templated":true}]}}